{"id":747,"date":"2026-03-17T09:49:34","date_gmt":"2026-03-17T09:49:34","guid":{"rendered":"https:\/\/cleritihouse.com\/clausole-di-esclusione-di-responsabilita\/"},"modified":"2026-03-17T09:58:41","modified_gmt":"2026-03-17T09:58:41","slug":"clausole-di-esclusione-di-responsabilita","status":"publish","type":"page","link":"https:\/\/cleritihouse.com\/it\/clausole-di-esclusione-di-responsabilita\/","title":{"rendered":"Disclaimers"},"content":{"rendered":"<div class=\"theme-subhero\">\r\n    <div class=\"theme-hero__background\"><\/div>\r\n    <div class=\"container\">\r\n        <div class=\"row\">\r\n            <div class=\"col-12\">\r\n                <div class=\"theme-subhero__content\">\r\n                    <h1 class=\"theme-subhero__title\">\r\n                        Clausole di esclusione di responsabilit\u00e0                    <\/h1>\r\n                    <div class=\"theme-subhero__subtext\"><\/div>\r\n                    <img decoding=\"async\" src=\"https:\/\/cleritihouse.com\/wp-content\/themes\/loeihard-theme\/assets\/img\/starz.png\" alt=\"\" class=\"theme-subhero__stars\">\r\n                <\/div>\r\n            <\/div>\r\n        <\/div>\r\n    <\/div>\r\n<\/div><div class=\"theme-textblock\" style=\"padding: 50px 0px;\">\r\n    <div class=\"container\">\r\n        <div class=\"row\">\r\n            <div class=\"col-12\"  style=\"padding-bottom: 5px; \">\r\n                <strong class=\"theme-textblock__title\">1. Responsabilit\u00e0<\/strong>\r\n            <\/div>\r\n\r\n            <div class=\"col-12\">\r\n                <div class=\"theme-textblock__text\">Siamo responsabili del contenuto di questo sito web e del portale Cleriti esclusivamente in conformit\u00e0 alle disposizioni di legge. Laddove su questo sito web o nel portale Cleriti siano presenti link a siti web di terzi, al momento della creazione del link non era identificabile alcun contenuto illegale. Non ci assumiamo alcuna responsabilit\u00e0 per la continua attualit\u00e0, correttezza, completezza e disponibilit\u00e0 dei contenuti collegati, in quanto tali contenuti esulano dalla nostra influenza e dal nostro controllo e non abbiamo alcuna influenza sulla loro futura progettazione e sui loro contenuti. L&#8217;inserimento di qualsiasi link non implica necessariamente una raccomandazione o un&#8217;approvazione delle opinioni ivi espresse. Se, a vostro parere, un qualsiasi contenuto di questo sito web viola la legge applicabile o \u00e8 inappropriato, vi preghiamo di comunicarcelo.    <\/div>\r\n            <\/div>\r\n\r\n            \r\n            \r\n        <\/div>\r\n    <\/div>\r\n<\/div><div class=\"theme-textblock\" style=\"padding: 50px 0px;\">\r\n    <div class=\"container\">\r\n        <div class=\"row\">\r\n            <div class=\"col-12\"  style=\"padding-bottom: 5px; \">\r\n                <strong class=\"theme-textblock__title\">2. Nessuna consulenza legale<\/strong>\r\n            <\/div>\r\n\r\n            <div class=\"col-12\">\r\n                <div class=\"theme-textblock__text\">Qualsiasi informazione e contenuto presente su questo sito web o sul portale Cleriti \u00e8 fornito a solo scopo informativo generale. Nulla di quanto contenuto in questo sito o nel portale costituisce consulenza legale o di altro tipo. Si consiglia di richiedere una consulenza professionale specifica prima di prendere una decisione.  <\/div>\r\n            <\/div>\r\n\r\n            \r\n            \r\n        <\/div>\r\n    <\/div>\r\n<\/div><div class=\"theme-textblock\" style=\"padding: 50px 0px;\">\r\n    <div class=\"container\">\r\n        <div class=\"row\">\r\n            <div class=\"col-12\"  style=\"padding-bottom: 5px; \">\r\n                <strong class=\"theme-textblock__title\">3. Diritti d&#8217;autore<\/strong>\r\n            <\/div>\r\n\r\n            <div class=\"col-12\">\r\n                <div class=\"theme-textblock__text\">Salvo diversa indicazione, tutti i contenuti di questo sito web e del portale Cleriti sono di propriet\u00e0 di Cleriti o concessi in licenza a Cleriti e sono protetti dalle leggi sul diritto d&#8217;autore e sui diritti connessi. Qualsiasi riproduzione, distribuzione o altro utilizzo non autorizzato, al di l\u00e0 delle eccezioni previste dalla legge, richiede il previo consenso scritto. <\/div>\r\n            <\/div>\r\n\r\n            \r\n            \r\n        <\/div>\r\n    <\/div>\r\n<\/div><div class=\"theme-textblock\" style=\"padding: 50px 0px;\">\r\n    <div class=\"container\">\r\n        <div class=\"row\">\r\n            <div class=\"col-12\"  style=\"padding-bottom: 5px; \">\r\n                <strong class=\"theme-textblock__title\">4. Accuratezza, completezza<\/strong>\r\n            <\/div>\r\n\r\n            <div class=\"col-12\">\r\n                <div class=\"theme-textblock__text\">Sebbene Cleriti si impegni a mantenere le informazioni aggiornate e corrette, declina ogni responsabilit\u00e0 per l&#8217;affidamento sulla loro accuratezza, completezza, idoneit\u00e0 o disponibilit\u00e0. Ci riserviamo il diritto di modificare i contenuti di questo sito web in qualsiasi momento, ma non abbiamo alcun obbligo di aggiornare le informazioni in esso contenute. L&#8217;utente accetta che \u00e8 sua responsabilit\u00e0 monitorare le modifiche apportate a questo sito. Qualsiasi affidamento sul materiale presente in questo sito \u00e8 a rischio esclusivo dell&#8217;utente. In nessun caso noi, le nostre consociate o affiliate, i nostri\/loro amministratori e dipendenti saremo ritenuti responsabili in relazione all&#8217;utilizzo di questo sito e\/o alle informazioni in esso contenute.    <\/div>\r\n            <\/div>\r\n\r\n            \r\n            \r\n        <\/div>\r\n    <\/div>\r\n<\/div><div class=\"theme-textblock\" style=\"padding: 50px 0px;\">\r\n    <div class=\"container\">\r\n        <div class=\"row\">\r\n            <div class=\"col-12\"  style=\"padding-bottom: 5px; \">\r\n                <strong class=\"theme-textblock__title\">5. Disponibilit\u00e0<\/strong>\r\n            <\/div>\r\n\r\n            <div class=\"col-12\">\r\n                <div class=\"theme-textblock__text\">Ci impegniamo al massimo per garantire il corretto funzionamento del sito web. Tuttavia, Cleriti non si assume alcuna responsabilit\u00e0 e non sar\u00e0 ritenuta responsabile per l&#8217;eventuale indisponibilit\u00e0 temporanea del sito dovuta a problemi tecnici. <\/div>\r\n            <\/div>\r\n\r\n            \r\n            \r\n        <\/div>\r\n    <\/div>\r\n<\/div><div class=\"theme-textblock\" style=\"padding: 50px 0px;\">\r\n    <div class=\"container\">\r\n        <div class=\"row\">\r\n            <div class=\"col-12\"  style=\"padding-bottom: 5px; \">\r\n                <strong class=\"theme-textblock__title\">6. Legge applicabile<\/strong>\r\n            <\/div>\r\n\r\n            <div class=\"col-12\">\r\n                <div class=\"theme-textblock__text\">La presente clausola di esclusione di responsabilit\u00e0 \u00e8 regolata dalle leggi dei Paesi Bassi. Qualsiasi controversia sar\u00e0 sottoposta al tribunale competente di Amsterdam, salvo diversa disposizione di legge inderogabile a tutela dei consumatori. <\/div>\r\n            <\/div>\r\n\r\n            \r\n            \r\n        <\/div>\r\n    <\/div>\r\n<\/div>","protected":false},"excerpt":{"rendered":"","protected":false},"author":1,"featured_media":0,"parent":0,"menu_order":0,"comment_status":"closed","ping_status":"closed","template":"","meta":{"_acf_changed":false,"footnotes":""},"class_list":["post-747","page","type-page","status-publish","hentry"],"acf":[],"_links":{"self":[{"href":"https:\/\/cleritihouse.com\/it\/wp-json\/wp\/v2\/pages\/747","targetHints":{"allow":["GET"]}}],"collection":[{"href":"https:\/\/cleritihouse.com\/it\/wp-json\/wp\/v2\/pages"}],"about":[{"href":"https:\/\/cleritihouse.com\/it\/wp-json\/wp\/v2\/types\/page"}],"author":[{"embeddable":true,"href":"https:\/\/cleritihouse.com\/it\/wp-json\/wp\/v2\/users\/1"}],"replies":[{"embeddable":true,"href":"https:\/\/cleritihouse.com\/it\/wp-json\/wp\/v2\/comments?post=747"}],"version-history":[{"count":2,"href":"https:\/\/cleritihouse.com\/it\/wp-json\/wp\/v2\/pages\/747\/revisions"}],"predecessor-version":[{"id":759,"href":"https:\/\/cleritihouse.com\/it\/wp-json\/wp\/v2\/pages\/747\/revisions\/759"}],"wp:attachment":[{"href":"https:\/\/cleritihouse.com\/it\/wp-json\/wp\/v2\/media?parent=747"}],"curies":[{"name":"wp","href":"https:\/\/api.w.org\/{rel}","templated":true}]}}