{"id":969,"date":"2026-03-27T17:13:17","date_gmt":"2026-03-27T17:13:17","guid":{"rendered":"https:\/\/cleritihouse.com\/loesungen\/"},"modified":"2026-04-01T21:01:19","modified_gmt":"2026-04-01T21:01:19","slug":"loesungen","status":"publish","type":"page","link":"https:\/\/cleritihouse.com\/de\/loesungen\/","title":{"rendered":"L\u00f6sungen"},"content":{"rendered":"<div class=\"theme-hero\">\r\n    <div class=\"theme-hero__background\"><\/div>\r\n    <div class=\"container\">\r\n        <div class=\"row justify-center\">\r\n            <div class=\"col-12 col-md-10\">\r\n                <div class=\"theme-hero__flex\">\r\n                    <img decoding=\"async\" src=\"https:\/\/cleritihouse.com\/wp-content\/themes\/loeihard-theme\/assets\/img\/starz.png\" alt=\"\" class=\"theme-hero__stars\">\r\n                    <h1 class=\"theme-hero__title\" >Transparenz-Compliance, klar strukturiert<\/h1>\r\n                    <div class=\"theme-hero__subtext\"  style=\"width: unset !important;\" >Cleriti reduziert die Komplexit\u00e4t der Transparenzpflichten nach \u00a7 32d UrhG<br>durch Automatisierung, klare rechtliche Einordnung und sichere Workflows.<\/div>\r\n                                            <a href=\"https:\/\/cleritihouse.com\/contact\/\" class=\"button__yellow\">\r\n                            Request a demo                        <\/a>\r\n                                    <\/div>\r\n                                    <div class=\"theme-hero__carousel\">\r\n                                                    <div class=\"theme-hero__carousel-slide\">\r\n                                <div class=\"theme-hero__carousel-item\">\r\n                                    <img decoding=\"async\" src=\"https:\/\/cleritihouse.com\/wp-content\/uploads\/2025\/11\/wbtv.png\" alt=\"Carousel Image\">\r\n                                <\/div>\r\n                            <\/div>\r\n                                                    <div class=\"theme-hero__carousel-slide\">\r\n                                <div class=\"theme-hero__carousel-item\">\r\n                                    <img decoding=\"async\" src=\"https:\/\/cleritihouse.com\/wp-content\/uploads\/2025\/11\/ufa.png\" alt=\"Carousel Image\">\r\n                                <\/div>\r\n                            <\/div>\r\n                                                    <div class=\"theme-hero__carousel-slide\">\r\n                                <div class=\"theme-hero__carousel-item\">\r\n                                    <img decoding=\"async\" src=\"https:\/\/cleritihouse.com\/wp-content\/uploads\/2025\/11\/tv60.png\" alt=\"Carousel Image\">\r\n                                <\/div>\r\n                            <\/div>\r\n                                                    <div class=\"theme-hero__carousel-slide\">\r\n                                <div class=\"theme-hero__carousel-item\">\r\n                                    <img decoding=\"async\" src=\"https:\/\/cleritihouse.com\/wp-content\/uploads\/2025\/11\/odeon.png\" alt=\"Carousel Image\">\r\n                                <\/div>\r\n                            <\/div>\r\n                                                    <div class=\"theme-hero__carousel-slide\">\r\n                                <div class=\"theme-hero__carousel-item\">\r\n                                    <img decoding=\"async\" src=\"https:\/\/cleritihouse.com\/wp-content\/uploads\/2025\/11\/lieblings.png\" alt=\"Carousel Image\">\r\n                                <\/div>\r\n                            <\/div>\r\n                                                    <div class=\"theme-hero__carousel-slide\">\r\n                                <div class=\"theme-hero__carousel-item\">\r\n                                    <img decoding=\"async\" src=\"https:\/\/cleritihouse.com\/wp-content\/uploads\/2025\/11\/leonine.png\" alt=\"Carousel Image\">\r\n                                <\/div>\r\n                            <\/div>\r\n                                                    <div class=\"theme-hero__carousel-slide\">\r\n                                <div class=\"theme-hero__carousel-item\">\r\n                                    <img decoding=\"async\" src=\"https:\/\/cleritihouse.com\/wp-content\/uploads\/2025\/11\/beetz.png\" alt=\"Carousel Image\">\r\n                                <\/div>\r\n                            <\/div>\r\n                                                    <div class=\"theme-hero__carousel-slide\">\r\n                                <div class=\"theme-hero__carousel-item\">\r\n                                    <img decoding=\"async\" src=\"https:\/\/cleritihouse.com\/wp-content\/uploads\/2026\/01\/logobj-Wit-scaled.png\" alt=\"Carousel Image\">\r\n                                <\/div>\r\n                            <\/div>\r\n                                            <\/div>\r\n                \r\n                <div class=\"theme-hero__image\">\r\n                    <img decoding=\"async\" src=\"https:\/\/cleritihouse.com\/wp-content\/uploads\/2026\/01\/solution-hero-image.webp\" alt=\"Hero Image\">\r\n                <\/div>\r\n\r\n                <div class=\"theme-hero__stars\">\r\n                    <img decoding=\"async\" src=\"https:\/\/cleritihouse.com\/wp-content\/themes\/loeihard-theme\/assets\/img\/starz.png\" alt=\"Icon Stars\" class=\"theme-hero__stars\">\r\n                <\/div>\r\n            <\/div>\r\n        <\/div>\r\n    <\/div>\r\n<\/div><div class=\"theme-upper\">\r\n    <div class=\"container\">\r\n                    <div class=\"row justify-center\">\r\n                <div class=\"col-8\">\r\n                    <h2 class=\"theme-upper__title text-center\">Rechtliche Komplexit\u00e4t<br>unter Kontrolle <\/h2>\r\n                <\/div>\r\n            <\/div>\r\n        \r\n        <div class=\"row\">\r\n            <div class=\"col-12\">\r\n                <div class=\"theme-upper__cards\">\r\n                                            <div class=\"theme-upper__card\">\r\n                            <div class=\"theme-upper__card-image\">\r\n                                <img decoding=\"async\" src=\"https:\/\/cleritihouse.com\/wp-content\/uploads\/2026\/01\/Cleriti-Solutions.svg\" alt=\"Card Image\">\r\n                            <\/div>\r\n                                                    <\/div>\r\n                                            <div class=\"theme-upper__card\">\r\n                            <div class=\"theme-upper__card-image\">\r\n                                <img decoding=\"async\" src=\"https:\/\/cleritihouse.com\/wp-content\/uploads\/2026\/01\/Cleriti-Solutions-2.png\" alt=\"Card Image\">\r\n                            <\/div>\r\n                                                    <\/div>\r\n                                    <\/div>\r\n            <\/div>\r\n        <\/div>\r\n                    <div class=\"theme-extended\">\r\n                                    <div class=\"theme-extended__list\">\r\n                                                    <div class=\"theme-extended__item\">\r\n                                <svg xmlns=\"http:\/\/www.w3.org\/2000\/svg\" width=\"18\" height=\"18\" viewBox=\"0 0 18 18\" fill=\"none\" class=\"theme-extended__tag\">\r\n                                    <path d=\"M3.75 10.875C3.75 10.875 4.875 10.875 6.375 13.5C6.375 13.5 10.5441 6.625 14.25 5.25\" stroke=\"white\" stroke-width=\"1.5\" stroke-linecap=\"round\" stroke-linejoin=\"round\" \/>\r\n                                <\/svg>\r\n                                Basierend auf der DSM-Richtlinie der EU<br><br>                            <\/div>\r\n                                                    <div class=\"theme-extended__item\">\r\n                                <svg xmlns=\"http:\/\/www.w3.org\/2000\/svg\" width=\"18\" height=\"18\" viewBox=\"0 0 18 18\" fill=\"none\" class=\"theme-extended__tag\">\r\n                                    <path d=\"M3.75 10.875C3.75 10.875 4.875 10.875 6.375 13.5C6.375 13.5 10.5441 6.625 14.25 5.25\" stroke=\"white\" stroke-width=\"1.5\" stroke-linecap=\"round\" stroke-linejoin=\"round\" \/>\r\n                                <\/svg>\r\n                                Entwickelt f\u00fcr Film und Fernsehen                             <\/div>\r\n                                                    <div class=\"theme-extended__item\">\r\n                                <svg xmlns=\"http:\/\/www.w3.org\/2000\/svg\" width=\"18\" height=\"18\" viewBox=\"0 0 18 18\" fill=\"none\" class=\"theme-extended__tag\">\r\n                                    <path d=\"M3.75 10.875C3.75 10.875 4.875 10.875 6.375 13.5C6.375 13.5 10.5441 6.625 14.25 5.25\" stroke=\"white\" stroke-width=\"1.5\" stroke-linecap=\"round\" stroke-linejoin=\"round\" \/>\r\n                                <\/svg>\r\n                                Sichere und nachvollziehbare Handhabung von Transparenzpflichten                            <\/div>\r\n                                            <\/div>\r\n                                <div class=\"theme-extended__text\">\r\n                    Cleriti macht Transparenzanforderungen handhabbar. Automatisierte Workflows und eine klare, nachvollziehbare Struktur schaffen Orientierung und Kontrolle.                 <\/div>\r\n                <a href=\"https:\/\/cleritihouse.com\/contact\/\" class=\"button__yellow\">Request a demo<\/a>\r\n            <\/div>\r\n            <\/div>\r\n\r\n\r\n<\/div>\r\n<\/div><div class=\"theme-cards\">\n\n    <div class=\"container\">\n\n        <div class=\"theme-cards__container\">\n            <div class=\"row\">\n                <div class=\"theme-cards__header col-md-6 col-12\">Transparenz-Compliance, verl\u00e4sslich gesteuert<\/div>\n                <div class=\"col-md-1 col-0\"><\/div>\n                <div class=\"theme-cards__desc col-md-5 col-12\">Wir verstehen die Herausforderungen der Branche \u2014 und schaffen eine klare Grundlage f\u00fcr die Einordnung<\/div>\n            <\/div>\n        <\/div>\n\n        <div class=\"row\">\n\n                            \n                    \n                    <div class=\"theme-cards__card\">\n\n                                                    <div class=\"theme-cards__cardicon\">\n                                <img decoding=\"async\" src=\"https:\/\/cleritihouse.com\/wp-content\/themes\/loeihard-theme\/assets\/icons\/legal.svg\" alt=\"\" style=\"width: 30px; height: 30px;\">\n                            <\/div>\n                        \n                        <div class=\"theme-cards__cardtitle\">\n                            Spezialisierte rechtliche Expertise                        <\/div>\n\n                        <div class=\"theme-cards__cardtext\">\n                            Fokus auf Offenlegungspflichten und Transparenzanforderungen                        <\/div>\n\n                    <\/div>\n\n                \n                    \n                    <div class=\"theme-cards__card\">\n\n                                                    <div class=\"theme-cards__cardicon\">\n                                <img decoding=\"async\" src=\"https:\/\/cleritihouse.com\/wp-content\/themes\/loeihard-theme\/assets\/icons\/document.svg\" alt=\"\" style=\"width: 30px; height: 30px;\">\n                            <\/div>\n                        \n                        <div class=\"theme-cards__cardtitle\">\n                            Nachweisbare Praxiserfahrung                        <\/div>\n\n                        <div class=\"theme-cards__cardtext\">\n                            Im Einsatz bei f\u00fchrenden Produktionsunternehmen in Europa                        <\/div>\n\n                    <\/div>\n\n                \n                    \n                    <div class=\"theme-cards__card\">\n\n                                                    <div class=\"theme-cards__cardicon\">\n                                <img decoding=\"async\" src=\"https:\/\/cleritihouse.com\/wp-content\/themes\/loeihard-theme\/assets\/icons\/skaliert%20nahtlos.svg\" alt=\"\" style=\"width: 30px; height: 30px;\">\n                            <\/div>\n                        \n                        <div class=\"theme-cards__cardtitle\">\n                            F\u00fcr alle Jurisdiktionen                        <\/div>\n\n                        <div class=\"theme-cards__cardtext\">\n                            Einsetzbar in allen 27 EU-Mitgliedstaaten, angepasst an nationale Anforderungen                        <\/div>\n\n                    <\/div>\n\n                \n                    \n                    <div class=\"theme-cards__card\">\n\n                                                    <div class=\"theme-cards__cardicon\">\n                                <img decoding=\"async\" src=\"https:\/\/cleritihouse.com\/wp-content\/themes\/loeihard-theme\/assets\/icons\/player.svg\" alt=\"\" style=\"width: 30px; height: 30px;\">\n                            <\/div>\n                        \n                        <div class=\"theme-cards__cardtitle\">\n                            F\u00fcr die audiovisuelle Branche                        <\/div>\n\n                        <div class=\"theme-cards__cardtext\">\n                            Geeignet f\u00fcr unabh\u00e4ngige Produzenten und gro\u00dfe Studios                        <\/div>\n\n                    <\/div>\n\n                \n                    \n                    <div class=\"theme-cards__card\">\n\n                                                    <div class=\"theme-cards__cardicon\">\n                                <img decoding=\"async\" src=\"https:\/\/cleritihouse.com\/wp-content\/themes\/loeihard-theme\/assets\/icons\/shield.svg\" alt=\"\" style=\"width: 30px; height: 30px;\">\n                            <\/div>\n                        \n                        <div class=\"theme-cards__cardtitle\">\n                            Verl\u00e4sslicher Datenschutz                        <\/div>\n\n                        <div class=\"theme-cards__cardtext\">\n                            NDAs, gesch\u00fctzte Berichte und DSGVO-Konformit\u00e4t                        <\/div>\n\n                    <\/div>\n\n                \n                    \n                    <div class=\"theme-cards__card\">\n\n                                                    <div class=\"theme-cards__cardicon\">\n                                <img decoding=\"async\" src=\"https:\/\/cleritihouse.com\/wp-content\/themes\/loeihard-theme\/assets\/icons\/multimedia.svg\" alt=\"\" style=\"width: 30px; height: 30px;\">\n                            <\/div>\n                        \n                        <div class=\"theme-cards__cardtitle\">\n                            Integrierte Talent-Tools                        <\/div>\n\n                        <div class=\"theme-cards__cardtext\">\n                            Weniger Aufwand, mehr Klarheit f\u00fcr alle Beteiligten                        <\/div>\n\n                    <\/div>\n\n                            \n\n\n        <\/div>\n\n    <\/div>\n\n<\/div>\n\n<\/div>\n\n<\/div><div class=\"theme-imagecard\">\r\n    <div class=\"container\">\r\n        <div class=\"theme-imagecard__container\">\r\n            <div class=\"theme-imagecard__header\">Ma\u00dfgeschneiderter Mehrwert<\/div>\r\n        <\/div>\r\n        <div class=\"row\">\r\n                                <div class=\"theme-imagecard__card\">\r\n                        <div class=\"theme-imagecard__image\">\r\n                            \r\n                        <\/div>\r\n                        <img decoding=\"async\" src=\"https:\/\/cleritihouse.com\/wp-content\/uploads\/2025\/11\/9bfc74745b5102101bf43c44421f3264f23ab317.png\" \/>                        <div class=\"theme-imagecard__cardwrapper\">\r\n                            <div class=\"theme-imagecard__cardtitle\">F\u00fcr Produzenten<\/div>\r\n                            <div class=\"theme-imagecard__cardtext\">Weniger Aufwand, mehr Kontrolle<\/div>\r\n                        <\/div>\r\n                    <\/div>\r\n                                <div class=\"theme-imagecard__card\">\r\n                        <div class=\"theme-imagecard__image\">\r\n                            \r\n                        <\/div>\r\n                        <img decoding=\"async\" src=\"https:\/\/cleritihouse.com\/wp-content\/uploads\/2025\/12\/9181b1a01aab5dfd7996ea5f16f6fc8eb74a0d4b-1.png\" \/>                        <div class=\"theme-imagecard__cardwrapper\">\r\n                            <div class=\"theme-imagecard__cardtitle\">F\u00fcr CFOs<\/div>\r\n                            <div class=\"theme-imagecard__cardtext\">Zuverl\u00e4ssige, nachvollziehbare Berichte<\/div>\r\n                        <\/div>\r\n                    <\/div>\r\n                                <div class=\"theme-imagecard__card\">\r\n                        <div class=\"theme-imagecard__image\">\r\n                            \r\n                        <\/div>\r\n                        <img decoding=\"async\" src=\"https:\/\/cleritihouse.com\/wp-content\/uploads\/2025\/11\/image-830.png\" \/>                        <div class=\"theme-imagecard__cardwrapper\">\r\n                            <div class=\"theme-imagecard__cardtitle\">F\u00fcr Rechtsteams<\/div>\r\n                            <div class=\"theme-imagecard__cardtext\">Pr\u00fcfungssichere Dokumentation<\/div>\r\n                        <\/div>\r\n                    <\/div>\r\n            \r\n        <\/div>\r\n    <\/div>\r\n<\/div>\r\n<\/div>\r\n<\/div><div class=\"theme-cta\">\r\n    <div class=\"container\">\r\n        <div class=\"row\">\r\n            <div class=\"col-12\">\r\n                <div class=\"theme-cta__content\">\r\n                    <div class=\"theme-cta__wrapper\">\r\n                        <h1 class=\"theme-cta__title\">Transparenz. Klar gesteuert.<\/h1>\r\n                        <div class=\"theme-cta__text\">Juristisch fundiert f\u00fcr klare Umsetzung<\/div>\r\n                        <a href=\"https:\/\/cleritihouse.com\/contact\/\" class=\"button__yellow\">Request a demo<\/a>\r\n                    <\/div>\r\n                    <div class=\"theme-cta__image\">\r\n                        <img decoding=\"async\" src=\"https:\/\/cleritihouse.com\/wp-content\/uploads\/2025\/12\/Rectangle-34624257-1.png\" alt=\"\" class=\"theme-cta__background\">\r\n                    <\/div>\r\n                <\/div>\r\n            <\/div>\r\n        <\/div>\r\n    <\/div>\r\n<\/div>","protected":false},"excerpt":{"rendered":"","protected":false},"author":1,"featured_media":0,"parent":0,"menu_order":0,"comment_status":"closed","ping_status":"closed","template":"","meta":{"_acf_changed":false,"footnotes":""},"class_list":["post-969","page","type-page","status-publish","hentry"],"acf":[],"_links":{"self":[{"href":"https:\/\/cleritihouse.com\/de\/wp-json\/wp\/v2\/pages\/969","targetHints":{"allow":["GET"]}}],"collection":[{"href":"https:\/\/cleritihouse.com\/de\/wp-json\/wp\/v2\/pages"}],"about":[{"href":"https:\/\/cleritihouse.com\/de\/wp-json\/wp\/v2\/types\/page"}],"author":[{"embeddable":true,"href":"https:\/\/cleritihouse.com\/de\/wp-json\/wp\/v2\/users\/1"}],"replies":[{"embeddable":true,"href":"https:\/\/cleritihouse.com\/de\/wp-json\/wp\/v2\/comments?post=969"}],"version-history":[{"count":37,"href":"https:\/\/cleritihouse.com\/de\/wp-json\/wp\/v2\/pages\/969\/revisions"}],"predecessor-version":[{"id":1195,"href":"https:\/\/cleritihouse.com\/de\/wp-json\/wp\/v2\/pages\/969\/revisions\/1195"}],"wp:attachment":[{"href":"https:\/\/cleritihouse.com\/de\/wp-json\/wp\/v2\/media?parent=969"}],"curies":[{"name":"wp","href":"https:\/\/api.w.org\/{rel}","templated":true}]}}