{"id":918,"date":"2026-03-27T15:21:21","date_gmt":"2026-03-27T15:21:21","guid":{"rendered":"https:\/\/cleritihouse.com\/about\/"},"modified":"2026-04-01T21:13:41","modified_gmt":"2026-04-01T21:13:41","slug":"about","status":"publish","type":"page","link":"https:\/\/cleritihouse.com\/de\/about\/","title":{"rendered":"\u00dcber"},"content":{"rendered":"<div class=\"theme-hero\">\r\n    <div class=\"theme-hero__background\"><\/div>\r\n    <div class=\"container\">\r\n        <div class=\"row justify-center\">\r\n            <div class=\"col-12 col-md-10\">\r\n                <div class=\"theme-hero__flex\">\r\n                    <img decoding=\"async\" src=\"https:\/\/cleritihouse.com\/wp-content\/themes\/loeihard-theme\/assets\/img\/starz.png\" alt=\"\" class=\"theme-hero__stars\">\r\n                    <h1 class=\"theme-hero__title\"  style=\"margin-left: 60px; margin-right: 60px;\" >Rechtliche Komplexit\u00e4t, unter Kontrolle<\/h1>\r\n                    <div class=\"theme-hero__subtext\" >Cleriti vereinfacht die Transparenzberichterstattung nach \u00a7 32d UrhG f\u00fcr Produktionsfirmen \u2014 durch automatisierte Workflows und pr\u00e4zise rechtliche Einordnung.<\/div>\r\n                                            <a href=\"https:\/\/cleritihouse.com\/contact\/\" class=\"button__yellow\">\r\n                            Request a demo                        <\/a>\r\n                                    <\/div>\r\n                                    <div class=\"theme-hero__carousel\">\r\n                                                    <div class=\"theme-hero__carousel-slide\">\r\n                                <div class=\"theme-hero__carousel-item\">\r\n                                    <img decoding=\"async\" src=\"https:\/\/cleritihouse.com\/wp-content\/uploads\/2025\/11\/wbtv.png\" alt=\"Carousel Image\">\r\n                                <\/div>\r\n                            <\/div>\r\n                                                    <div class=\"theme-hero__carousel-slide\">\r\n                                <div class=\"theme-hero__carousel-item\">\r\n                                    <img decoding=\"async\" src=\"https:\/\/cleritihouse.com\/wp-content\/uploads\/2025\/11\/ufa.png\" alt=\"Carousel Image\">\r\n                                <\/div>\r\n                            <\/div>\r\n                                                    <div class=\"theme-hero__carousel-slide\">\r\n                                <div class=\"theme-hero__carousel-item\">\r\n                                    <img decoding=\"async\" src=\"https:\/\/cleritihouse.com\/wp-content\/uploads\/2025\/11\/tv60.png\" alt=\"Carousel Image\">\r\n                                <\/div>\r\n                            <\/div>\r\n                                                    <div class=\"theme-hero__carousel-slide\">\r\n                                <div class=\"theme-hero__carousel-item\">\r\n                                    <img decoding=\"async\" src=\"https:\/\/cleritihouse.com\/wp-content\/uploads\/2025\/11\/odeon.png\" alt=\"Carousel Image\">\r\n                                <\/div>\r\n                            <\/div>\r\n                                                    <div class=\"theme-hero__carousel-slide\">\r\n                                <div class=\"theme-hero__carousel-item\">\r\n                                    <img decoding=\"async\" src=\"https:\/\/cleritihouse.com\/wp-content\/uploads\/2025\/11\/lieblings.png\" alt=\"Carousel Image\">\r\n                                <\/div>\r\n                            <\/div>\r\n                                                    <div class=\"theme-hero__carousel-slide\">\r\n                                <div class=\"theme-hero__carousel-item\">\r\n                                    <img decoding=\"async\" src=\"https:\/\/cleritihouse.com\/wp-content\/uploads\/2025\/11\/leonine.png\" alt=\"Carousel Image\">\r\n                                <\/div>\r\n                            <\/div>\r\n                                                    <div class=\"theme-hero__carousel-slide\">\r\n                                <div class=\"theme-hero__carousel-item\">\r\n                                    <img decoding=\"async\" src=\"https:\/\/cleritihouse.com\/wp-content\/uploads\/2025\/11\/beetz.png\" alt=\"Carousel Image\">\r\n                                <\/div>\r\n                            <\/div>\r\n                                                    <div class=\"theme-hero__carousel-slide\">\r\n                                <div class=\"theme-hero__carousel-item\">\r\n                                    <img decoding=\"async\" src=\"https:\/\/cleritihouse.com\/wp-content\/uploads\/2026\/01\/logobj-Wit-scaled.png\" alt=\"Carousel Image\">\r\n                                <\/div>\r\n                            <\/div>\r\n                                            <\/div>\r\n                \r\n                <div class=\"theme-hero__image\">\r\n                    <img decoding=\"async\" src=\"https:\/\/cleritihouse.com\/wp-content\/uploads\/2026\/01\/about-us-hero-image-2.webp\" alt=\"Hero Image\">\r\n                <\/div>\r\n\r\n                <div class=\"theme-hero__stars\">\r\n                    <img decoding=\"async\" src=\"https:\/\/cleritihouse.com\/wp-content\/themes\/loeihard-theme\/assets\/img\/starz.png\" alt=\"Icon Stars\" class=\"theme-hero__stars\">\r\n                <\/div>\r\n            <\/div>\r\n        <\/div>\r\n    <\/div>\r\n<\/div><div class=\"theme-content\">\n    <div class=\"container\">\n        <div class=\"theme-content__content theme-content__white\">\n            <div class=\"row\">\n                <div class=\"  col-12 col-lg-7 \" >\n                    <div class=\"theme-content__textbox\">\n                        <h3 class=\"theme-content__title\">Von rechtlicher Komplexit\u00e4t zu klarer Orientierung<\/h3>\n                        <div class=\"theme-content__text\"><p>Cleriti wurde gegr\u00fcndet, um eine zentrale Herausforderung zu l\u00f6sen: Wie erf\u00fcllen Produktionsfirmen die neuen EU-Transparenzpflichten, ohne unn\u00f6tigen Aufwand zu erzeugen<\/p>\n                        <\/div>\n\n                                                    <ul class=\"theme-content__listcont\">\n                                                                    <div class=\"theme-content__list\">\n                                        <svg xmlns=\"http:\/\/www.w3.org\/2000\/svg\" width=\"18\" height=\"18\" viewBox=\"0 0 18 18\" fill=\"none\" class=\"theme-content__bullet\">\n                                            <path d=\"M3.75 10.875C3.75 10.875 4.875 10.875 6.375 13.5C6.375 13.5 10.5441 6.625 14.25 5.25\" stroke=\"white\" stroke-width=\"1.5\" stroke-linecap=\"round\" stroke-linejoin=\"round\" \/>\n                                        <\/svg>\n\n                                        Fundiert durch jahrzehntelange Erfahrung im Medienrecht                                    <\/div>\n                                                                    <div class=\"theme-content__list\">\n                                        <svg xmlns=\"http:\/\/www.w3.org\/2000\/svg\" width=\"18\" height=\"18\" viewBox=\"0 0 18 18\" fill=\"none\" class=\"theme-content__bullet\">\n                                            <path d=\"M3.75 10.875C3.75 10.875 4.875 10.875 6.375 13.5C6.375 13.5 10.5441 6.625 14.25 5.25\" stroke=\"white\" stroke-width=\"1.5\" stroke-linecap=\"round\" stroke-linejoin=\"round\" \/>\n                                        <\/svg>\n\n                                        Konzipiert f\u00fcr die Anforderungen der audiovisuellen Branche                                    <\/div>\n                                                                    <div class=\"theme-content__list\">\n                                        <svg xmlns=\"http:\/\/www.w3.org\/2000\/svg\" width=\"18\" height=\"18\" viewBox=\"0 0 18 18\" fill=\"none\" class=\"theme-content__bullet\">\n                                            <path d=\"M3.75 10.875C3.75 10.875 4.875 10.875 6.375 13.5C6.375 13.5 10.5441 6.625 14.25 5.25\" stroke=\"white\" stroke-width=\"1.5\" stroke-linecap=\"round\" stroke-linejoin=\"round\" \/>\n                                        <\/svg>\n\n                                        Skalierbar und einsetzbar in allen EU-Rechtsordnungen                                    <\/div>\n                                                            <\/ul>\n                        \n\n                        <div class=\"theme-content__cta\">\n                            \n                             <a href=\"https:\/\/cleritihouse.com\/contact\/\" class=\"button__yellow \">Request a demo<\/a>                         <\/div>\n                    <\/div>\n                <\/div>\n\n                <div class=\"col-12  col-lg-5 \">\n                    <div class=\"theme-content__logo\" >\n                        <img decoding=\"async\" src=\"https:\/\/cleritihouse.com\/wp-content\/uploads\/2026\/01\/Cleriti-About.png\" alt=\"\">\n                    <\/div>\n                <\/div>\n            <\/div>\n        <\/div>\n    <\/div>\n<\/div><div class=\"theme-content\">\n    <div class=\"container\">\n        <div class=\"theme-content__content\">\n            <div class=\"row\">\n                <div class=\" col-12 col-lg-12 >\n                    <div class=\"theme-content__textbox\">\n                        <h3 class=\"theme-content__title\">Eine pers\u00f6nliche Nachricht von Suzanne Plesman, CEO<\/h3>\n                        <div class=\"theme-content__text\"><p>\u201eWir wissen, wie komplex Transparenzanforderungen sein k\u00f6nnen \u2013 und wie begrenzt die Zeit auf Produzentenseite ist. Deshalb haben wir Cleriti entwickelt: um Transparenz klar strukturiert, sicher und rechtlich belastbar zu gestalten.\u201c<\/p>\n                        <\/div>\n\n                        \n\n                        <div class=\"theme-content__cta\">\n                            \n                                <a href=\"\" class=\"theme-content__contact\"><svg xmlns=\"http:\/\/www.w3.org\/2000\/svg\" width=\"27\" height=\"27\" viewBox=\"0 0 26 20\" fill=\"none\">\n                                        <path d=\"M0 2.35063V1.66667C0 1.22464 0.171205 0.800716 0.475951 0.488155C0.780698 0.175595 1.19402 0 1.625 0L24.375 0C24.806 0 25.2193 0.175595 25.524 0.488155C25.8288 0.800716 26 1.22464 26 1.66667V2.35063L13 10.684L0 2.35063ZM13.4306 12.3735C13.3015 12.4562 13.1523 12.5001 13 12.5001C12.8477 12.5001 12.6985 12.4562 12.5694 12.3735L0 4.31604V18.3333C0 18.7754 0.171205 19.1993 0.475951 19.5118C0.780698 19.8244 1.19402 20 1.625 20H24.375C24.806 20 25.2193 19.8244 25.524 19.5118C25.8288 19.1993 26 18.7754 26 18.3333V4.31604L13.4306 12.3735Z\" fill=\"#E2A218\" \/>\n                                    <\/svg>\n                                <\/a>\n\n                                <a href=\"\" class=\"theme-content__contact\"><svg xmlns=\"http:\/\/www.w3.org\/2000\/svg\" width=\"27\" height=\"27\" viewBox=\"0 0 27 27\" fill=\"none\">\n                                        <path d=\"M23.0277 2.24991H3.97016C3.75593 2.24694 3.54322 2.28619 3.34417 2.36543C3.14512 2.44467 2.96362 2.56235 2.81005 2.71174C2.65648 2.86113 2.53385 3.03931 2.44915 3.2361C2.36445 3.43289 2.31934 3.64444 2.31641 3.85866V23.1412C2.31934 23.3554 2.36445 23.5669 2.44915 23.7637C2.53385 23.9605 2.65648 24.1387 2.81005 24.2881C2.96362 24.4375 3.14512 24.5552 3.34417 24.6344C3.54322 24.7136 3.75593 24.7529 3.97016 24.7499H23.0277C23.2419 24.7529 23.4546 24.7136 23.6536 24.6344C23.8527 24.5552 24.0342 24.4375 24.1878 24.2881C24.3413 24.1387 24.464 23.9605 24.5487 23.7637C24.6334 23.5669 24.6785 23.3554 24.6814 23.1412V3.85866C24.6785 3.64444 24.6334 3.43289 24.5487 3.2361C24.464 3.03931 24.3413 2.86113 24.1878 2.71174C24.0342 2.56235 23.8527 2.44467 23.6536 2.36543C23.4546 2.28619 23.2419 2.24694 23.0277 2.24991ZM9.10016 21.0824H5.72516V10.9574H9.10016V21.0824ZM7.41266 9.53991C6.9472 9.53991 6.50081 9.35501 6.17168 9.02589C5.84256 8.69676 5.65766 8.25037 5.65766 7.78491C5.65766 7.31946 5.84256 6.87307 6.17168 6.54394C6.50081 6.21481 6.9472 6.02991 7.41266 6.02991C7.65981 6.00188 7.9101 6.02637 8.14714 6.10178C8.38418 6.17719 8.60261 6.30181 8.78815 6.46749C8.97368 6.63318 9.12212 6.83618 9.22376 7.06321C9.3254 7.29023 9.37794 7.53617 9.37794 7.78491C9.37794 8.03366 9.3254 8.27959 9.22376 8.50662C9.12212 8.73365 8.97368 8.93665 8.78815 9.10233C8.60261 9.26801 8.38418 9.39264 8.14714 9.46804C7.9101 9.54345 7.65981 9.56794 7.41266 9.53991ZM21.2727 21.0824H17.8977V15.6487C17.8977 14.2874 17.4139 13.3987 16.1877 13.3987C15.8082 13.4014 15.4386 13.5205 15.1288 13.7397C14.8191 13.959 14.584 14.2679 14.4552 14.6249C14.3671 14.8893 14.329 15.1678 14.3427 15.4462V21.0712H10.9677C10.9677 21.0712 10.9677 11.8687 10.9677 10.9462H14.3427V12.3749C14.6493 11.8429 15.0952 11.4046 15.6324 11.1073C16.1696 10.8099 16.7778 10.6647 17.3914 10.6874C19.6414 10.6874 21.2727 12.1387 21.2727 15.2549V21.0824Z\" fill=\"#E2A218\" \/>\n                                    <\/svg>\n                                <\/a>\n\n                            \n                                                     <\/div>\n                    <\/div>\n                <\/div>\n\n                <div class=\"col-12  col-lg-4 \">\n                    <div class=\"theme-content__logo\"  style=\"width: 198px; height: 198px; margin-left: auto;\" >\n                        <img decoding=\"async\" src=\"https:\/\/cleritihouse.com\/wp-content\/uploads\/2025\/12\/ceo-suzanne.jpg\" alt=\"\">\n                    <\/div>\n                <\/div>\n            <\/div>\n        <\/div>\n    <\/div>\n<\/div><div class=\"theme-cta\">\r\n    <div class=\"container\">\r\n        <div class=\"row\">\r\n            <div class=\"col-12\">\r\n                <div class=\"theme-cta__content\">\r\n                    <div class=\"theme-cta__wrapper\">\r\n                        <h1 class=\"theme-cta__title\">Transparenz klar gesteuert<\/h1>\r\n                        <div class=\"theme-cta__text\">Juristisch fundiert \u2013 pr\u00e4zise eingeordnet<\/div>\r\n                        <a href=\"https:\/\/cleritihouse.com\/contact\/\" class=\"button__yellow\">Request a demo<\/a>\r\n                    <\/div>\r\n                    <div class=\"theme-cta__image\">\r\n                        <img decoding=\"async\" src=\"https:\/\/cleritihouse.com\/wp-content\/uploads\/2025\/12\/Rectangle-34624257-1.png\" alt=\"\" class=\"theme-cta__background\">\r\n                    <\/div>\r\n                <\/div>\r\n            <\/div>\r\n        <\/div>\r\n    <\/div>\r\n<\/div>","protected":false},"excerpt":{"rendered":"","protected":false},"author":1,"featured_media":0,"parent":0,"menu_order":0,"comment_status":"closed","ping_status":"closed","template":"","meta":{"_acf_changed":false,"footnotes":""},"class_list":["post-918","page","type-page","status-publish","hentry"],"acf":[],"_links":{"self":[{"href":"https:\/\/cleritihouse.com\/de\/wp-json\/wp\/v2\/pages\/918","targetHints":{"allow":["GET"]}}],"collection":[{"href":"https:\/\/cleritihouse.com\/de\/wp-json\/wp\/v2\/pages"}],"about":[{"href":"https:\/\/cleritihouse.com\/de\/wp-json\/wp\/v2\/types\/page"}],"author":[{"embeddable":true,"href":"https:\/\/cleritihouse.com\/de\/wp-json\/wp\/v2\/users\/1"}],"replies":[{"embeddable":true,"href":"https:\/\/cleritihouse.com\/de\/wp-json\/wp\/v2\/comments?post=918"}],"version-history":[{"count":20,"href":"https:\/\/cleritihouse.com\/de\/wp-json\/wp\/v2\/pages\/918\/revisions"}],"predecessor-version":[{"id":1205,"href":"https:\/\/cleritihouse.com\/de\/wp-json\/wp\/v2\/pages\/918\/revisions\/1205"}],"wp:attachment":[{"href":"https:\/\/cleritihouse.com\/de\/wp-json\/wp\/v2\/media?parent=918"}],"curies":[{"name":"wp","href":"https:\/\/api.w.org\/{rel}","templated":true}]}}