{"id":1017,"date":"2026-03-30T08:32:59","date_gmt":"2026-03-30T08:32:59","guid":{"rendered":"https:\/\/cleritihouse.com\/faq\/"},"modified":"2026-03-30T08:32:59","modified_gmt":"2026-03-30T08:32:59","slug":"faq","status":"publish","type":"page","link":"https:\/\/cleritihouse.com\/de\/faq\/","title":{"rendered":"FAQ"},"content":{"rendered":"<div class=\"theme-subhero\">\r\n    <div class=\"theme-hero__background\"><\/div>\r\n    <div class=\"container\">\r\n        <div class=\"row\">\r\n            <div class=\"col-12\">\r\n                <div class=\"theme-subhero__content\">\r\n                    <h1 class=\"theme-subhero__title\">\r\n                        H\u00e4ufig gestellte Fragen                    <\/h1>\r\n                    <div class=\"theme-subhero__subtext\">Im Folgenden finden Sie einige der h\u00e4ufigsten Fragen von Produzenten, die sich f\u00fcr Cleriti interessieren.<\/div>\r\n                    <img decoding=\"async\" src=\"https:\/\/cleritihouse.com\/wp-content\/themes\/loeihard-theme\/assets\/img\/starz.png\" alt=\"\" class=\"theme-subhero__stars\">\r\n                <\/div>\r\n            <\/div>\r\n        <\/div>\r\n    <\/div>\r\n<\/div><div class=\"theme-accordion\">\r\n    <div class=\"container\">\r\n        <div class=\"row\">\r\n            <div class=\"col-0\" style=\"display: none;\" >\r\n                <div class=\"theme-accordion__content\">\r\n                    <h1 class=\"theme-accordion__header\"><\/h1>\r\n                    <div class=\"theme-accordion__text\">\r\n                                            <\/div>\r\n                    <a href=\"\" class=\"button__yellow\"><\/a>\r\n                <\/div>\r\n            <\/div>\r\n            <div class=\"col-12\" >\r\n                                                            <div class=\"theme-accordion__accordion\">\r\n\r\n                            <h5 class=\"theme-accordion__title\">\r\n                                Was ist die Transparenzmeldepflicht?                                <div class=\"theme-accordion__expand\" id=\"expand\">+<\/div>\r\n                            <\/h5>\r\n\r\n                            <div class=\"theme-accordion__desc\">\r\n                                Gem\u00e4\u00df Artikel 19 der EU-Richtlinie \u00fcber den digitalen Binnenmarkt m\u00fcssen Produzenten Urheber und aus\u00fcbende K\u00fcnstler mindestens einmal j\u00e4hrlich dar\u00fcber informieren, wie ihre Werke genutzt wurden und welche Einnahmen dadurch erzielt wurden.                            <\/div>\r\n\r\n                        <\/div>\r\n                                            <div class=\"theme-accordion__accordion\">\r\n\r\n                            <h5 class=\"theme-accordion__title\">\r\n                                Wer muss der Transparenzpflicht nachkommen?                                <div class=\"theme-accordion__expand\" id=\"expand\">+<\/div>\r\n                            <\/h5>\r\n\r\n                            <div class=\"theme-accordion__desc\">\r\n                                Der Produzent, also derjenige, der die Kreativen unter Vertrag nimmt, tr\u00e4gt die Verantwortung, unabh\u00e4ngig davon, ob die Produktion von einer anderen Stelle finanziert oder in Auftrag gegeben wird.                            <\/div>\r\n\r\n                        <\/div>\r\n                                            <div class=\"theme-accordion__accordion\">\r\n\r\n                            <h5 class=\"theme-accordion__title\">\r\n                                Welche Informationen m\u00fcssen weitergegeben werden?                                <div class=\"theme-accordion__expand\" id=\"expand\">+<\/div>\r\n                            <\/h5>\r\n\r\n                            <div class=\"theme-accordion__desc\">\r\n                                Die Produzenten m\u00fcssen Angaben zu den Verwertungsarten, den Einnahmen sowie zu allen im Zusammenhang mit dem Werk f\u00e4lligen Verg\u00fctungen machen. Diese Angaben m\u00fcssen korrekt und vollst\u00e4ndig sein und j\u00e4hrlich vorgelegt werden.                             <\/div>\r\n\r\n                        <\/div>\r\n                                            <div class=\"theme-accordion__accordion\">\r\n\r\n                            <h5 class=\"theme-accordion__title\">\r\n                                Was ist Cleriti und wie funktioniert es?                                <div class=\"theme-accordion__expand\" id=\"expand\">+<\/div>\r\n                            <\/h5>\r\n\r\n                            <div class=\"theme-accordion__desc\">\r\n                                Cleriti ist eine von Rechtsexperten entwickelte Plattform, die die Transparenzberichterstattung gem\u00e4\u00df Artikel 19 automatisiert. Sie verwaltet Projektdaten, erstellt vorschriftsm\u00e4\u00dfige Berichte und \u00fcbermittelt diese sicher \u2013 alles in einem Tool.                             <\/div>\r\n\r\n                        <\/div>\r\n                                            <div class=\"theme-accordion__accordion\">\r\n\r\n                            <h5 class=\"theme-accordion__title\">\r\n                                Wie oft m\u00fcssen Berichte eingereicht werden?                                <div class=\"theme-accordion__expand\" id=\"expand\">+<\/div>\r\n                            <\/h5>\r\n\r\n                            <div class=\"theme-accordion__desc\">\r\n                                In der Regel sind einmal j\u00e4hrlich Berichte erforderlich. Cleriti automatisiert diesen Prozess und gew\u00e4hrleistet so eine fristgerechte Einreichung sowie vollst\u00e4ndige Einhaltung der Vorschriften bei minimalem Aufwand.                             <\/div>\r\n\r\n                        <\/div>\r\n                                    \r\n            <\/div>\r\n        <\/div>\r\n    <\/div>\r\n<\/div><div class=\"theme-cta\">\r\n    <div class=\"container\">\r\n        <div class=\"row\">\r\n            <div class=\"col-12\">\r\n                <div class=\"theme-cta__content\">\r\n                    <div class=\"theme-cta__wrapper\">\r\n                        <h1 class=\"theme-cta__title\">Mit Cleriti immer einen Schritt voraus bei der Einhaltung von Vorschriften<\/h1>\r\n                        <div class=\"theme-cta__text\">Entwickelt mit juristischer Expertise \u2013 f\u00fcr Ihre Sicherheit<\/div>\r\n                        <a href=\"https:\/\/cleritihouse.com\/contact\/\" class=\"button__yellow\">Request a demo<\/a>\r\n                    <\/div>\r\n                    <div class=\"theme-cta__image\">\r\n                        <img decoding=\"async\" src=\"https:\/\/cleritihouse.com\/wp-content\/uploads\/2025\/12\/Rectangle-34624257-1.png\" alt=\"\" class=\"theme-cta__background\">\r\n                    <\/div>\r\n                <\/div>\r\n            <\/div>\r\n        <\/div>\r\n    <\/div>\r\n<\/div>","protected":false},"excerpt":{"rendered":"","protected":false},"author":1,"featured_media":0,"parent":0,"menu_order":0,"comment_status":"closed","ping_status":"closed","template":"","meta":{"_acf_changed":false,"footnotes":""},"class_list":["post-1017","page","type-page","status-publish","hentry"],"acf":[],"_links":{"self":[{"href":"https:\/\/cleritihouse.com\/de\/wp-json\/wp\/v2\/pages\/1017","targetHints":{"allow":["GET"]}}],"collection":[{"href":"https:\/\/cleritihouse.com\/de\/wp-json\/wp\/v2\/pages"}],"about":[{"href":"https:\/\/cleritihouse.com\/de\/wp-json\/wp\/v2\/types\/page"}],"author":[{"embeddable":true,"href":"https:\/\/cleritihouse.com\/de\/wp-json\/wp\/v2\/users\/1"}],"replies":[{"embeddable":true,"href":"https:\/\/cleritihouse.com\/de\/wp-json\/wp\/v2\/comments?post=1017"}],"version-history":[{"count":1,"href":"https:\/\/cleritihouse.com\/de\/wp-json\/wp\/v2\/pages\/1017\/revisions"}],"predecessor-version":[{"id":1018,"href":"https:\/\/cleritihouse.com\/de\/wp-json\/wp\/v2\/pages\/1017\/revisions\/1018"}],"wp:attachment":[{"href":"https:\/\/cleritihouse.com\/de\/wp-json\/wp\/v2\/media?parent=1017"}],"curies":[{"name":"wp","href":"https:\/\/api.w.org\/{rel}","templated":true}]}}